{"id":136,"date":"2021-01-18T10:09:27","date_gmt":"2021-01-18T10:09:27","guid":{"rendered":"https:\/\/projecteravensbruck.amical-mauthausen.org\/informacio-del-camp\/"},"modified":"2023-01-11T11:38:30","modified_gmt":"2023-01-11T11:38:30","slug":"informacion-del-campo","status":"publish","type":"page","link":"https:\/\/projecteravensbruck.amical-mauthausen.org\/es\/informacion-del-campo\/","title":{"rendered":"Informaci\u00f3n del campo"},"content":{"rendered":"<p>En mayo de 1939, unas 900 prisioneras, de ellas 500 por su condici\u00f3n de Testigos de Jehov\u00e1, fueron las primeras que llegaron en un convoy procedente del campo de concentraci\u00f3n de mujeres de Lichtenburg, en Sajonia. A finales de 1942, la poblaci\u00f3n de mujeres internadas se hab\u00eda incrementado hasta alcanzar las 10.000, y en enero de 1945, la poblaci\u00f3n del campo comprend\u00eda 45.000 personas, mayoritariamente mujeres. Se ha estimado que entre 1939 y 1945 pasaron por Ravensbr\u00fcck y sus campos sat\u00e9lites m\u00e1s de 132.000 prisioneras, muchas de las cuales iban acompa\u00f1adas de ni\u00f1os y beb\u00e9s, de las que solo aproximadamente 40.000 sobrevivieron.<\/p>\n<p>En abril de 1941 entr\u00f3 en funcionamiento un campo sat\u00e9lite para hombres que lleg\u00f3 a albergar unos 20.000 prisioneros. Un millar de adolescentes, considerados \u201cj\u00f3venes delincuentes\u201d, fueron internados en el cercano <em>Jugendschutzlager Uckermark<\/em>, que se hab\u00eda construido en el verano de 1942 a un kil\u00f3metro y medio del recinto principal.<\/p>\n<p>Unas 120 espa\u00f1olas fueron deportadas al campo de Ravensbr\u00fcck y, salvo algun caso excepcional, todas ellas hab\u00edan sido detenidas y encarceladas en Francia por actividades de resistencia contra la ocupaci\u00f3n nazi. Posteriormente se decidi\u00f3 su deportaci\u00f3n al campo de Ravensbr\u00fcck donde fueron identificadas con un tri\u00e1ngulo rojo, como presas pol\u00edticas,\u00a0\u00a0\u00a0 \u00a0para ser utilizadas como mano de obra esclava. Su identificaci\u00f3n, en ocasiones, es confusa: por errores en la transcripci\u00f3n de los lugares de nacimiento, en los apellidos o en los nombres; por figurar con el apellido de casada siguiendo la tradici\u00f3n francesa y, tambi\u00e9n por las largas d\u00e9cadas de silencio que ha sufrido este colectivo.<\/p>\n","protected":false},"excerpt":{"rendered":"<p>En mayo de 1939, unas 900 prisioneras, de ellas 500 por su condici\u00f3n de Testigos de Jehov\u00e1, fueron las primeras que llegaron en un convoy procedente del campo de concentraci\u00f3n de mujeres de Lichtenburg, en Sajonia. A finales de 1942, la poblaci\u00f3n de mujeres internadas se hab\u00eda incrementado hasta alcanzar las 10.000, y en enero [&hellip;]<\/p>\n","protected":false},"author":1,"featured_media":0,"parent":0,"menu_order":0,"comment_status":"closed","ping_status":"closed","template":"","meta":{"_acf_changed":false,"footnotes":""},"class_list":["post-136","page","type-page","status-publish","hentry"],"acf":[],"_links":{"self":[{"href":"https:\/\/projecteravensbruck.amical-mauthausen.org\/es\/wp-json\/wp\/v2\/pages\/136","targetHints":{"allow":["GET"]}}],"collection":[{"href":"https:\/\/projecteravensbruck.amical-mauthausen.org\/es\/wp-json\/wp\/v2\/pages"}],"about":[{"href":"https:\/\/projecteravensbruck.amical-mauthausen.org\/es\/wp-json\/wp\/v2\/types\/page"}],"author":[{"embeddable":true,"href":"https:\/\/projecteravensbruck.amical-mauthausen.org\/es\/wp-json\/wp\/v2\/users\/1"}],"replies":[{"embeddable":true,"href":"https:\/\/projecteravensbruck.amical-mauthausen.org\/es\/wp-json\/wp\/v2\/comments?post=136"}],"version-history":[{"count":7,"href":"https:\/\/projecteravensbruck.amical-mauthausen.org\/es\/wp-json\/wp\/v2\/pages\/136\/revisions"}],"predecessor-version":[{"id":242,"href":"https:\/\/projecteravensbruck.amical-mauthausen.org\/es\/wp-json\/wp\/v2\/pages\/136\/revisions\/242"}],"wp:attachment":[{"href":"https:\/\/projecteravensbruck.amical-mauthausen.org\/es\/wp-json\/wp\/v2\/media?parent=136"}],"curies":[{"name":"wp","href":"https:\/\/api.w.org\/{rel}","templated":true}]}}